{"id":3420,"date":"2016-06-08T20:52:43","date_gmt":"2016-06-08T20:52:43","guid":{"rendered":"http:\/\/carthage-tech.net\/?page_id=3420"},"modified":"2017-06-18T20:53:48","modified_gmt":"2017-06-18T19:53:48","slug":"accueil-2","status":"publish","type":"page","link":"https:\/\/racimo-dz.com\/","title":{"rendered":"Accueil-2"},"content":{"rendered":"<p>[vc_row full_width=\u00a0\u00bbstretch_row\u00a0\u00bb luv_text_alignment=\u00a0\u00bbcenter\u00a0\u00bb font_color=\u00a0\u00bb#393830&Prime;][vc_column][layerslider_vc id=\u00a0\u00bb1&Prime;][\/vc_column][\/vc_row][vc_row full_width=\u00a0\u00bbstretch_row_content\u00a0\u00bb equal_height=\u00a0\u00bbyes\u00a0\u00bb content_placement=\u00a0\u00bbmiddle\u00a0\u00bb font_color=\u00a0\u00bb#393830&Prime;][vc_column width=\u00a0\u00bb1\/2&Prime; css=\u00a0\u00bb.vc_custom_1497366524737{background-image: url(http:\/\/racimo-dz.com\/wp-content\/uploads\/2016\/06\/confiture-de-fraises-1.jpg?id=3985) !important;background-position: center !important;background-repeat: no-repeat !important;background-size: cover !important;}\u00a0\u00bb]<div class=\"luv-separator luv_dynamic-b0bac929     \"><\/div>[\/vc_column][vc_column width=\u00a0\u00bb1\/2&Prime; css=\u00a0\u00bb.vc_custom_1494499576140{padding-top: 50px !important;padding-right: 5% !important;padding-bottom: 50px !important;padding-left: 5% !important;background-color: #bb0f1d !important;}\u00a0\u00bb][vc_column_text font_family=\u00a0\u00bbPoppins\u00a0\u00bb font_weight=\u00a0\u00bb700&Prime; font_size=\u00a0\u00bb38px\u00a0\u00bb css=\u00a0\u00bb.vc_custom_1494499980581{margin-bottom: 15px !important;}\u00a0\u00bb]<\/p>\n<h3 style=\"text-align: left;\"><span style=\"color: #ffffff !important;\">CONFITURE<\/span><\/h3>\n<p>[\/vc_column_text][vc_column_text font_size=\u00a0\u00bb16px\u00a0\u00bb css=\u00a0\u00bb.vc_custom_1497364444242{margin-bottom: 25px !important;}\u00a0\u00bb]<span class=\"color_15\" style=\"color: #ffffff !important;\">Nos confitures sont pr\u00e9par\u00e9es selon les m\u00e9thodes traditionnelles m\u00e9diterran\u00e9ennes, qui permettent de restituer le go\u00fbt des fruits dans la confiture, de la mani\u00e8re la plus fid\u00e8le possible.<\/span>[\/vc_column_text]<a href=\"http:\/\/racimo-dz.com\/?page_id=4049\" target=\"_self\" class=\"btn btn-shortcode luv_dynamic-b6cd6952\" ><span>SAVOIR PLUS<\/span><\/a>[\/vc_column][\/vc_row][vc_row full_width=\u00a0\u00bbstretch_row_content\u00a0\u00bb equal_height=\u00a0\u00bbyes\u00a0\u00bb content_placement=\u00a0\u00bbmiddle\u00a0\u00bb font_color=\u00a0\u00bb#393830&Prime;][vc_column luv_text_alignment=\u00a0\u00bbright\u00a0\u00bb width=\u00a0\u00bb1\/2&Prime; css=\u00a0\u00bb.vc_custom_1494499644356{padding-top: 50px !important;padding-right: 5% !important;padding-bottom: 50px !important;padding-left: 5% !important;background-color: #bd6116 !important;}\u00a0\u00bb][vc_column_text font_family=\u00a0\u00bbPoppins\u00a0\u00bb font_weight=\u00a0\u00bb700&Prime; font_size=\u00a0\u00bb38px\u00a0\u00bb css=\u00a0\u00bb.vc_custom_1494500237132{margin-bottom: 15px !important;}\u00a0\u00bb]<\/p>\n<h3 style=\"text-align: left;\"><span style=\"color: #ffffff !important;\">MIEL<\/span><\/h3>\n<p>[\/vc_column_text][vc_column_text font_size=\u00a0\u00bb16px\u00a0\u00bb css=\u00a0\u00bb.vc_custom_1497364500658{margin-bottom: 25px !important;}\u00a0\u00bb]<span style=\"color: #ffffff !important;\">Notre miel r\u00e9colt\u00e9 dans les for\u00eats sous le beau soleil. Ce miel \u00e0 la texture liquide et \u00e0 la douceur incomparable dispose d&rsquo;une saveur fleurie des plus d\u00e9licates.<\/span>[\/vc_column_text]<a href=\"http:\/\/racimo-dz.com\/?page_id=4038\" target=\"_self\" class=\"btn btn-shortcode luv_dynamic-b6cd6952\" ><span>SAVOIR PLUS<\/span><\/a>[\/vc_column][vc_column width=\u00a0\u00bb1\/2&Prime; css=\u00a0\u00bb.vc_custom_1497366575391{background-image: url(http:\/\/racimo-dz.com\/wp-content\/uploads\/2016\/06\/miel-1.jpg?id=3986) !important;background-position: center !important;background-repeat: no-repeat !important;background-size: cover !important;}\u00a0\u00bb]<div class=\"luv-separator luv_dynamic-b0bac929     \"><\/div>[\/vc_column][\/vc_row][vc_row full_width=\u00a0\u00bbstretch_row_content\u00a0\u00bb equal_height=\u00a0\u00bbyes\u00a0\u00bb content_placement=\u00a0\u00bbmiddle\u00a0\u00bb font_color=\u00a0\u00bb#393830&Prime;][vc_column width=\u00a0\u00bb1\/2&Prime; css=\u00a0\u00bb.vc_custom_1497366642244{background-image: url(http:\/\/racimo-dz.com\/wp-content\/uploads\/2016\/06\/beurre-1.jpg?id=3987) !important;background-position: center !important;background-repeat: no-repeat !important;background-size: cover !important;}\u00a0\u00bb]<div class=\"luv-separator luv_dynamic-b0bac929     \"><\/div>[\/vc_column][vc_column width=\u00a0\u00bb1\/2&Prime; css=\u00a0\u00bb.vc_custom_1465424533086{padding-top: 50px !important;padding-right: 5% !important;padding-bottom: 50px !important;padding-left: 5% !important;background-color: #f7e95c !important;}\u00a0\u00bb][vc_column_text font_family=\u00a0\u00bbPoppins\u00a0\u00bb font_weight=\u00a0\u00bb700&Prime; font_size=\u00a0\u00bb38px\u00a0\u00bb css=\u00a0\u00bb.vc_custom_1494500381133{margin-bottom: 15px !important;}\u00a0\u00bb]<\/p>\n<h3>BEURRE<\/h3>\n<p>[\/vc_column_text][vc_column_text font_size=\u00a0\u00bb16px\u00a0\u00bb css=\u00a0\u00bb.vc_custom_1497364530221{margin-bottom: 25px !important;}\u00a0\u00bb]A consommer cru, de pr\u00e9f\u00e9rence sur les tartines croustillantes ou comme ingr\u00e9dient pour la cuisine et la p\u00e2tisserie.<br \/>\nDigeste, \u00e9nerg\u00e9tique et riche en vitamine A, TASTY est un produit frais, pasteuris\u00e9 et l\u00e9g\u00e8rement sal\u00e9.[\/vc_column_text]<a href=\"http:\/\/racimo-dz.com\/?page_id=4028\" target=\"_self\" class=\"btn btn-shortcode luv_dynamic-4a5b5fd6\" ><span>SAVOIR PLUS<\/span><\/a>[\/vc_column][\/vc_row][vc_row full_width=\u00a0\u00bbstretch_row\u00a0\u00bb css=\u00a0\u00bb.vc_custom_1494502401379{background-color: #2b679d !important;}\u00a0\u00bb][vc_column][vc_column_text font_family=\u00a0\u00bbPoppins\u00a0\u00bb font_weight=\u00a0\u00bb700&Prime; font_size=\u00a0\u00bb38px\u00a0\u00bb css=\u00a0\u00bb.vc_custom_1494502444345{margin-bottom: 15px !important;}\u00a0\u00bb]<\/p>\n<h3 style=\"text-align: center;\"><span style=\"color: #ffffff;\">LES NOUVELLES GAMMES DE TASTY<\/span><\/h3>\n<p>[\/vc_column_text][\/vc_column][\/vc_row][vc_row full_width=\u00a0\u00bbstretch_row_content\u00a0\u00bb equal_height=\u00a0\u00bbyes\u00a0\u00bb content_placement=\u00a0\u00bbmiddle\u00a0\u00bb font_color=\u00a0\u00bb#393830&Prime;][vc_column width=\u00a0\u00bb1\/2&Prime; css=\u00a0\u00bb.vc_custom_1494761849965{background-image: url(http:\/\/racimo-dz.com\/wp-content\/uploads\/2016\/06\/fromage-1.jpg?id=3988) !important;background-position: center !important;background-repeat: no-repeat !important;background-size: cover !important;}\u00a0\u00bb]<div class=\"luv-separator luv_dynamic-b0bac929     \"><\/div>[\/vc_column][vc_column width=\u00a0\u00bb1\/2&Prime; css=\u00a0\u00bb.vc_custom_1494501102980{padding-top: 50px !important;padding-right: 5% !important;padding-bottom: 50px !important;padding-left: 5% !important;background-color: #ddb673 !important;}\u00a0\u00bb][vc_column_text font_family=\u00a0\u00bbPoppins\u00a0\u00bb font_weight=\u00a0\u00bb700&Prime; font_size=\u00a0\u00bb38px\u00a0\u00bb css=\u00a0\u00bb.vc_custom_1494501119817{margin-bottom: 15px !important;}\u00a0\u00bb]<\/p>\n<h3>FROMAGE<\/h3>\n<p>[\/vc_column_text][vc_column_text font_size=\u00a0\u00bb16px\u00a0\u00bb css=\u00a0\u00bb.vc_custom_1497364559802{margin-bottom: 25px !important;}\u00a0\u00bb]TASTY a s\u00e9lectionn\u00e9 pour vous les meilleurs \u00e9levages alg\u00e9riens pour confectionner des fromages au go\u00fbt authentique et unique gr\u00e2ce \u00e0 du lait de tr\u00e8s haute qualit\u00e9.[\/vc_column_text]<a href=\"http:\/\/racimo-dz.com\/?page_id=4065\" target=\"_self\" class=\"btn btn-shortcode luv_dynamic-4a5b5fd6\" ><span>SAVOIR PLUS<\/span><\/a>[\/vc_column][\/vc_row][vc_row full_width=\u00a0\u00bbstretch_row_content\u00a0\u00bb equal_height=\u00a0\u00bbyes\u00a0\u00bb content_placement=\u00a0\u00bbmiddle\u00a0\u00bb font_color=\u00a0\u00bb#393830&Prime;][vc_column width=\u00a0\u00bb1\/2&Prime; css=\u00a0\u00bb.vc_custom_1494502563494{background-color: #7b0900 !important;background-position: center !important;background-repeat: no-repeat !important;background-size: cover !important;}\u00a0\u00bb][vc_column_text font_family=\u00a0\u00bbPoppins\u00a0\u00bb font_weight=\u00a0\u00bb700&Prime; font_size=\u00a0\u00bb38px\u00a0\u00bb css=\u00a0\u00bb.vc_custom_1494502633691{margin-bottom: 15px !important;}\u00a0\u00bb]<\/p>\n<h3><span style=\"color: #ffffff !important;\">SAUCES<\/span><\/h3>\n<p>[\/vc_column_text][vc_column_text font_size=\u00a0\u00bb16px\u00a0\u00bb css=\u00a0\u00bb.vc_custom_1497795634874{margin-bottom: 25px !important;}\u00a0\u00bb]<span style=\"color: #ffffff !important;\">Mayonnaise, ketchup, sauce cocktail, vinaigrette, etc. TASTY a selectionn\u00e9 pour vous de nombreuses sauces et condiments \u00e0 travers le monde qui varient aussi bien en composition qu&rsquo;en saveur, en couleur, en consistance et en odeur pour satisfaire tous les go\u00fbts. <\/span>[\/vc_column_text]<a href=\"http:\/\/racimo-dz.com\/?page_id=4062\" target=\"_self\" class=\"btn btn-shortcode luv_dynamic-b6cd6952\" ><span>SAVOIR PLUS<\/span><\/a>[\/vc_column][vc_column width=\u00a0\u00bb1\/2&Prime; css=\u00a0\u00bb.vc_custom_1494761881192{padding-top: 50px !important;padding-right: 5% !important;padding-bottom: 50px !important;padding-left: 5% !important;background-image: url(http:\/\/racimo-dz.com\/wp-content\/uploads\/2016\/06\/sauces-1.jpeg?id=3989) !important;}\u00a0\u00bb]<div class=\"luv-separator luv_dynamic-b0bac929     \"><\/div>[\/vc_column][\/vc_row][vc_row full_width=\u00a0\u00bbstretch_row_content\u00a0\u00bb equal_height=\u00a0\u00bbyes\u00a0\u00bb content_placement=\u00a0\u00bbmiddle\u00a0\u00bb font_color=\u00a0\u00bb#393830&Prime;][vc_column width=\u00a0\u00bb1\/2&Prime; css=\u00a0\u00bb.vc_custom_1497364895993{background-image: url(http:\/\/racimo-dz.com\/wp-content\/uploads\/2016\/06\/recette-nutella-pate-tartiner-noisette-1024&#215;683.jpg?id=3997) !important;background-position: center !important;background-repeat: no-repeat !important;background-size: cover !important;}\u00a0\u00bb]<div class=\"luv-separator luv_dynamic-b0bac929     \"><\/div>[\/vc_column][vc_column width=\u00a0\u00bb1\/2&Prime; css=\u00a0\u00bb.vc_custom_1497364957757{padding-top: 50px !important;padding-right: 5% !important;padding-bottom: 50px !important;padding-left: 5% !important;background-color: #59341f !important;}\u00a0\u00bb][vc_column_text font_family=\u00a0\u00bbPoppins\u00a0\u00bb font_weight=\u00a0\u00bb700&Prime; font_size=\u00a0\u00bb38px\u00a0\u00bb css=\u00a0\u00bb.vc_custom_1497366456604{margin-bottom: 15px !important;}\u00a0\u00bb]<\/p>\n<h3><span class=\"color_15\" style=\"color: #ffffff !important;\">CHOCOLAT \u00c0 TARTINER<\/span><\/h3>\n<p>[\/vc_column_text][vc_column_text font_size=\u00a0\u00bb16px\u00a0\u00bb css=\u00a0\u00bb.vc_custom_1497366415738{margin-bottom: 25px !important;}\u00a0\u00bb]<span class=\"color_15\" style=\"color: #ffffff !important;\">D\u00e9couvrez le plaisir gourmand de la p\u00e2te \u00e0 tartiner TASTY au bon chocolat au lait et aux savoureuses noisettes.<\/span>[\/vc_column_text]<a href=\"http:\/\/racimo-dz.com\/?page_id=4069\" target=\"_self\" class=\"btn btn-shortcode luv_dynamic-b6cd6952\" ><span>SAVOIR PLUS<\/span><\/a>[\/vc_column][\/vc_row]<\/p>\n","protected":false},"excerpt":{"rendered":"<p>[vc_row full_width=\u00a0\u00bbstretch_row\u00a0\u00bb luv_text_alignment=\u00a0\u00bbcenter\u00a0\u00bb font_color=\u00a0\u00bb#393830&Prime;][vc_column][layerslider_vc id=\u00a0\u00bb1&Prime;][\/vc_column][\/vc_row][vc_row full_width=\u00a0\u00bbstretch_row_content\u00a0\u00bb equal_height=\u00a0\u00bbyes\u00a0\u00bb content_placement=\u00a0\u00bbmiddle\u00a0\u00bb font_color=\u00a0\u00bb#393830&Prime;][vc_column width=\u00a0\u00bb1\/2&Prime; css=\u00a0\u00bb.vc_custom_1497366524737{background-image: url(http:\/\/racimo-dz.com\/wp-content\/uploads\/2016\/06\/confiture-de-fraises-1.jpg?id=3985) !important;background-position: center !important;background-repeat: no-repeat !important;background-size: cover !important;}\u00a0\u00bb][\/vc_column][vc_column width=\u00a0\u00bb1\/2&Prime; css=\u00a0\u00bb.vc_custom_1494499576140{padding-top: 50px !important;padding-right: 5% !important;padding-bottom: 50px !important;padding-left: 5% !important;background-color: #bb0f1d !important;}\u00a0\u00bb][vc_column_text font_family=\u00a0\u00bbPoppins\u00a0\u00bb font_weight=\u00a0\u00bb700&Prime; font_size=\u00a0\u00bb38px\u00a0\u00bb css=\u00a0\u00bb.vc_custom_1494499980581{margin-bottom: 15px !important;}\u00a0\u00bb] CONFITURE [\/vc_column_text][vc_column_text font_size=\u00a0\u00bb16px\u00a0\u00bb css=\u00a0\u00bb.vc_custom_1497364444242{margin-bottom: 25px !important;}\u00a0\u00bb]Nos confitures sont pr\u00e9par\u00e9es selon les m\u00e9thodes traditionnelles m\u00e9diterran\u00e9ennes, qui permettent de restituer [&hellip;]<\/p>\n","protected":false},"author":1,"featured_media":0,"parent":0,"menu_order":0,"comment_status":"closed","ping_status":"closed","template":"","meta":{"footnotes":""},"aioseo_notices":[],"_links":{"self":[{"href":"https:\/\/racimo-dz.com\/index.php?rest_route=\/wp\/v2\/pages\/3420"}],"collection":[{"href":"https:\/\/racimo-dz.com\/index.php?rest_route=\/wp\/v2\/pages"}],"about":[{"href":"https:\/\/racimo-dz.com\/index.php?rest_route=\/wp\/v2\/types\/page"}],"author":[{"embeddable":true,"href":"https:\/\/racimo-dz.com\/index.php?rest_route=\/wp\/v2\/users\/1"}],"replies":[{"embeddable":true,"href":"https:\/\/racimo-dz.com\/index.php?rest_route=%2Fwp%2Fv2%2Fcomments&post=3420"}],"version-history":[{"count":2,"href":"https:\/\/racimo-dz.com\/index.php?rest_route=\/wp\/v2\/pages\/3420\/revisions"}],"predecessor-version":[{"id":4103,"href":"https:\/\/racimo-dz.com\/index.php?rest_route=\/wp\/v2\/pages\/3420\/revisions\/4103"}],"wp:attachment":[{"href":"https:\/\/racimo-dz.com\/index.php?rest_route=%2Fwp%2Fv2%2Fmedia&parent=3420"}],"curies":[{"name":"wp","href":"https:\/\/api.w.org\/{rel}","templated":true}]}}