{"id":4110,"date":"2017-06-19T15:25:00","date_gmt":"2017-06-19T14:25:00","guid":{"rendered":"http:\/\/racimo-dz.com\/?page_id=4110"},"modified":"2017-06-19T19:28:44","modified_gmt":"2017-06-19T18:28:44","slug":"a-propos","status":"publish","type":"page","link":"http:\/\/racimo-dz.com\/?page_id=4110","title":{"rendered":"A propos"},"content":{"rendered":"<p>[vc_row][vc_column width=\u00a0\u00bb1\/2&Prime;][vc_column_text]<strong>Racimo Industry<\/strong> est une soci\u00e9t\u00e9 sp\u00e9cialis\u00e9e principalement dans le domaine du conditionnement des produits alimentaires ainsi que la vente et distribution des produits Agroalimentaires et dans un avenir proche dans la production de biscuits et produits de r\u00e9gime.<\/p>\n<p><strong>Racimo Industry<\/strong> ambitionne d\u2019apporter un plus au secteur de l\u2019h\u00f4tellerie en offrant une gamme de produits alimentaires haut de gamme, d\u2019excellente qualit\u00e9, sous forme de dosettes et\/ou barquettes personnalis\u00e9es, mais aussi d\u2019offrir aux m\u00e9nages alg\u00e9riens une nouvelle forme de pr\u00e9sentation de produits alimentaires, emball\u00e9s individuellement, \u00e9conomiques, et facile \u00e0 transporter pour les sorties en familles ou les collations des enfants.<\/p>\n<p><strong>Racimo Industry<\/strong> va aussi contribuer \u00e0 l\u2019absorption du ch\u00f4mage en employant<br \/>\ndes jeunes dipl\u00f4m\u00e9s dans la fili\u00e8re agroalimentaire et conditionnement qui ne<br \/>\ncherchent qu\u2019\u00e0 mettre leur savoir et comp\u00e9tences au service du d\u00e9veloppement de la production nationale, pr\u00f4n\u00e9e par le gouvernement et l\u2019Etat alg\u00e9riens.[\/vc_column_text][\/vc_column][vc_column width=\u00a0\u00bb1\/2&Prime;][vc_single_image image=\u00a0\u00bb4111&Prime; img_size=\u00a0\u00bb236&#215;500&Prime; alignment=\u00a0\u00bbcenter\u00a0\u00bb style=\u00a0\u00bbvc_box_outline\u00a0\u00bb][\/vc_column][\/vc_row]<\/p>\n","protected":false},"excerpt":{"rendered":"<p>[vc_row][vc_column width=\u00a0\u00bb1\/2&Prime;][vc_column_text]Racimo Industry est une soci\u00e9t\u00e9 sp\u00e9cialis\u00e9e principalement dans le domaine du conditionnement des produits alimentaires ainsi que la vente et distribution des produits Agroalimentaires et dans un avenir proche dans la production de biscuits et produits de r\u00e9gime. Racimo Industry ambitionne d\u2019apporter un plus au secteur de l\u2019h\u00f4tellerie en offrant une gamme de produits [&hellip;]<\/p>\n","protected":false},"author":1,"featured_media":0,"parent":0,"menu_order":0,"comment_status":"closed","ping_status":"closed","template":"","meta":{"footnotes":""},"aioseo_notices":[],"_links":{"self":[{"href":"http:\/\/racimo-dz.com\/index.php?rest_route=\/wp\/v2\/pages\/4110"}],"collection":[{"href":"http:\/\/racimo-dz.com\/index.php?rest_route=\/wp\/v2\/pages"}],"about":[{"href":"http:\/\/racimo-dz.com\/index.php?rest_route=\/wp\/v2\/types\/page"}],"author":[{"embeddable":true,"href":"http:\/\/racimo-dz.com\/index.php?rest_route=\/wp\/v2\/users\/1"}],"replies":[{"embeddable":true,"href":"http:\/\/racimo-dz.com\/index.php?rest_route=%2Fwp%2Fv2%2Fcomments&post=4110"}],"version-history":[{"count":14,"href":"http:\/\/racimo-dz.com\/index.php?rest_route=\/wp\/v2\/pages\/4110\/revisions"}],"predecessor-version":[{"id":4126,"href":"http:\/\/racimo-dz.com\/index.php?rest_route=\/wp\/v2\/pages\/4110\/revisions\/4126"}],"wp:attachment":[{"href":"http:\/\/racimo-dz.com\/index.php?rest_route=%2Fwp%2Fv2%2Fmedia&parent=4110"}],"curies":[{"name":"wp","href":"https:\/\/api.w.org\/{rel}","templated":true}]}}