{"id":4069,"date":"2017-06-18T13:47:30","date_gmt":"2017-06-18T13:47:30","guid":{"rendered":"http:\/\/carthage-tech.net\/test\/racimo\/beurre-2-copy"},"modified":"2017-09-25T19:31:15","modified_gmt":"2017-09-25T18:31:15","slug":"chocolat-a-tartiner","status":"publish","type":"page","link":"http:\/\/racimo-dz.com\/?page_id=4069","title":{"rendered":"Chocolat \u00e0 tartiner"},"content":{"rendered":"<p>[vc_row][vc_column width=\u00a0\u00bb1\/2&Prime;][vc_column_text]D\u00e9licieusement r\u00e9gressive, la p\u00e2te \u00e0 tartiner <b>TASTY<\/b> \u00e9labor\u00e9e \u00e0 partir de p\u00e2te de sesame, de chocolat noir et de chocolat au lait, elle fera le bonheur des petits et des grands.<br \/>\nComme les pralin\u00e9s \u00e0 l&rsquo;ancienne, la p\u00e2te \u00e0 tartiner offre cette texture l\u00e9g\u00e8rement granuleuse qui la rend \u00e0 la fois singuli\u00e8re et ultra-gourmande.[\/vc_column_text][vc_raw_html]JTNDc3R5bGUlMjB0eXBlJTNEJTIydGV4dCUyRmNzcyUyMiUzRSUwQS50ZyUyMCUyMCU3QmJvcmRlci1jb2xsYXBzZSUzQWNvbGxhcHNlJTNCYm9yZGVyLXNwYWNpbmclM0EwJTNCbWFyZ2luJTNBMHB4JTIwYXV0byUzQiU3RCUwQS50ZyUyMHRkJTdCZm9udC1mYW1pbHklM0FBcmlhbCUyQyUyMHNhbnMtc2VyaWYlM0Jmb250LXNpemUlM0ExNHB4JTNCcGFkZGluZyUzQTEwcHglMjA1cHglM0Jib3JkZXItc3R5bGUlM0Fzb2xpZCUzQmJvcmRlci13aWR0aCUzQTFweCUzQm92ZXJmbG93JTNBaGlkZGVuJTNCd29yZC1icmVhayUzQW5vcm1hbCUzQiU3RCUwQS50ZyUyMHRoJTdCZm9udC1mYW1pbHklM0FBcmlhbCUyQyUyMHNhbnMtc2VyaWYlM0Jmb250LXNpemUlM0ExNHB4JTNCZm9udC13ZWlnaHQlM0Fub3JtYWwlM0JwYWRkaW5nJTNBMTBweCUyMDVweCUzQmJvcmRlci1zdHlsZSUzQXNvbGlkJTNCYm9yZGVyLXdpZHRoJTNBMXB4JTNCb3ZlcmZsb3clM0FoaWRkZW4lM0J3b3JkLWJyZWFrJTNBbm9ybWFsJTNCJTdEJTBBLnRnJTIwLnRnLWpiNHIlN0JiYWNrZ3JvdW5kLWNvbG9yJTNBJTIzYzBjMGMwJTNCY29sb3IlM0ElMjMzMzMzMzMlM0J0ZXh0LWFsaWduJTNBY2VudGVyJTNCdmVydGljYWwtYWxpZ24lM0F0b3AlN0QlMEEudGclMjAudGctYXd5OCU3QmJhY2tncm91bmQtY29sb3IlM0ElMjNiYTFkMjQlM0Jjb2xvciUzQSUyM2ZmZmZmZiUzQnZlcnRpY2FsLWFsaWduJTNBdG9wJTdEJTBBLnRnJTIwLnRnLWJhcWglN0J0ZXh0LWFsaWduJTNBY2VudGVyJTNCdmVydGljYWwtYWxpZ24lM0F0b3AlN0QlMEEudGclMjAudGctbGU4diU3QmJhY2tncm91bmQtY29sb3IlM0ElMjNjMGMwYzAlM0J2ZXJ0aWNhbC1hbGlnbiUzQXRvcCU3RCUwQS50ZyUyMC50Zy15dzRsJTdCdmVydGljYWwtYWxpZ24lM0F0b3AlN0QlMEEudGclMjAudGctNnF3MSU3QmJhY2tncm91bmQtY29sb3IlM0ElMjNjMGMwYzAlM0J0ZXh0LWFsaWduJTNBY2VudGVyJTNCdmVydGljYWwtYWxpZ24lM0F0b3AlN0QlMEElNDBtZWRpYSUyMHNjcmVlbiUyMGFuZCUyMCUyOG1heC13aWR0aCUzQSUyMDc2N3B4JTI5JTIwJTdCLnRnJTIwJTdCd2lkdGglM0ElMjBhdXRvJTIwJTIxaW1wb3J0YW50JTNCJTdELnRnJTIwY29sJTIwJTdCd2lkdGglM0ElMjBhdXRvJTIwJTIxaW1wb3J0YW50JTNCJTdELnRnLXdyYXAlMjAlN0JvdmVyZmxvdy14JTNBJTIwYXV0byUzQi13ZWJraXQtb3ZlcmZsb3ctc2Nyb2xsaW5nJTNBJTIwdG91Y2glM0JtYXJnaW4lM0ElMjBhdXRvJTIwMHB4JTNCJTdEJTdEJTNDJTJGc3R5bGUlM0UlMEElM0NkaXYlMjBjbGFzcyUzRCUyMnRnLXdyYXAlMjIlM0UlM0N0YWJsZSUyMGNsYXNzJTNEJTIydGclMjIlM0UlMEElMjAlMjAlM0N0ciUzRSUwQSUyMCUyMCUyMCUyMCUzQ3RoJTIwY2xhc3MlM0QlMjJ0Zy1hd3k4JTIyJTNFVmFsZXVycyUyME51dHJpdGlvbm5lbGxlcyUzQ2JyJTNFJTNDJTJGdGglM0UlMEElMjAlMjAlMjAlMjAlM0N0aCUyMGNsYXNzJTNEJTIydGctYXd5OCUyMiUzRU1veWVubmUlMjBwb3VyJTIwMTAwZyUzQ2JyJTNFJTNDJTJGdGglM0UlMEElMjAlMjAlM0MlMkZ0ciUzRSUwQSUyMCUyMCUzQ3RyJTNFJTBBJTIwJTIwJTIwJTIwJTNDdGQlMjBjbGFzcyUzRCUyMnRnLWxlOHYlMjIlM0VFbmVyZ2llJTNDYnIlM0UlM0MlMkZ0ZCUzRSUwQSUyMCUyMCUyMCUyMCUzQ3RkJTIwY2xhc3MlM0QlMjJ0Zy1qYjRyJTIyJTNFNDY0JTNDYnIlM0UlM0MlMkZ0ZCUzRSUwQSUyMCUyMCUzQyUyRnRyJTNFJTBBJTIwJTIwJTNDdHIlM0UlMEElMjAlMjAlMjAlMjAlM0N0ZCUyMGNsYXNzJTNEJTIydGcteXc0bCUyMiUzRU1hdGklQzMlQThyZSUyMGdyYXNzZSUzQyUyRnRkJTNFJTBBJTIwJTIwJTIwJTIwJTNDdGQlMjBjbGFzcyUzRCUyMnRnLWJhcWglMjIlM0UzNS41JTNDYnIlM0UlM0MlMkZ0ZCUzRSUwQSUyMCUyMCUzQyUyRnRyJTNFJTBBJTIwJTIwJTNDdHIlM0UlMEElMjAlMjAlMjAlMjAlM0N0ZCUyMGNsYXNzJTNEJTIydGctbGU4diUyMiUzRVByb3RpZGVzJTNDJTJGdGQlM0UlMEElMjAlMjAlMjAlMjAlM0N0ZCUyMGNsYXNzJTNEJTIydGctNnF3MSUyMiUzRTQlM0MlMkZ0ZCUzRSUwQSUyMCUyMCUzQyUyRnRyJTNFJTBBJTIwJTIwJTNDdHIlM0UlMEElMjAlMjAlMjAlMjAlM0N0ZCUyMGNsYXNzJTNEJTIydGcteXc0bCUyMiUzRUZpYnJlJTNDJTJGdGQlM0UlMEElMjAlMjAlMjAlMjAlM0N0ZCUyMGNsYXNzJTNEJTIydGctYmFxaCUyMiUzRTQuNSUzQ2JyJTNFJTNDJTJGdGQlM0UlMEElMjAlMjAlM0MlMkZ0ciUzRSUwQSUzQyUyRnRhYmxlJTNFJTNDJTJGZGl2JTNF[\/vc_raw_html][\/vc_column][vc_column width=\u00a0\u00bb1\/2&Prime;][vc_single_image image=\u00a0\u00bb4160&Prime; alignment=\u00a0\u00bbcenter\u00a0\u00bb style=\u00a0\u00bbvc_box_shadow_3d\u00a0\u00bb][\/vc_column][\/vc_row]<\/p>\n","protected":false},"excerpt":{"rendered":"<p>[vc_row][vc_column width=\u00a0\u00bb1\/2&Prime;][vc_column_text]D\u00e9licieusement r\u00e9gressive, la p\u00e2te \u00e0 tartiner TASTY \u00e9labor\u00e9e \u00e0 partir de p\u00e2te de sesame, de chocolat noir et de chocolat au lait, elle fera le bonheur des petits et des grands. Comme les pralin\u00e9s \u00e0 l&rsquo;ancienne, la p\u00e2te \u00e0 tartiner offre cette texture l\u00e9g\u00e8rement granuleuse qui la rend \u00e0 la fois singuli\u00e8re et ultra-gourmande.[\/vc_column_text][vc_raw_html]JTNDc3R5bGUlMjB0eXBlJTNEJTIydGV4dCUyRmNzcyUyMiUzRSUwQS50ZyUyMCUyMCU3QmJvcmRlci1jb2xsYXBzZSUzQWNvbGxhcHNlJTNCYm9yZGVyLXNwYWNpbmclM0EwJTNCbWFyZ2luJTNBMHB4JTIwYXV0byUzQiU3RCUwQS50ZyUyMHRkJTdCZm9udC1mYW1pbHklM0FBcmlhbCUyQyUyMHNhbnMtc2VyaWYlM0Jmb250LXNpemUlM0ExNHB4JTNCcGFkZGluZyUzQTEwcHglMjA1cHglM0Jib3JkZXItc3R5bGUlM0Fzb2xpZCUzQmJvcmRlci13aWR0aCUzQTFweCUzQm92ZXJmbG93JTNBaGlkZGVuJTNCd29yZC1icmVhayUzQW5vcm1hbCUzQiU3RCUwQS50ZyUyMHRoJTdCZm9udC1mYW1pbHklM0FBcmlhbCUyQyUyMHNhbnMtc2VyaWYlM0Jmb250LXNpemUlM0ExNHB4JTNCZm9udC13ZWlnaHQlM0Fub3JtYWwlM0JwYWRkaW5nJTNBMTBweCUyMDVweCUzQmJvcmRlci1zdHlsZSUzQXNvbGlkJTNCYm9yZGVyLXdpZHRoJTNBMXB4JTNCb3ZlcmZsb3clM0FoaWRkZW4lM0J3b3JkLWJyZWFrJTNBbm9ybWFsJTNCJTdEJTBBLnRnJTIwLnRnLWpiNHIlN0JiYWNrZ3JvdW5kLWNvbG9yJTNBJTIzYzBjMGMwJTNCY29sb3IlM0ElMjMzMzMzMzMlM0J0ZXh0LWFsaWduJTNBY2VudGVyJTNCdmVydGljYWwtYWxpZ24lM0F0b3AlN0QlMEEudGclMjAudGctYXd5OCU3QmJhY2tncm91bmQtY29sb3IlM0ElMjNiYTFkMjQlM0Jjb2xvciUzQSUyM2ZmZmZmZiUzQnZlcnRpY2FsLWFsaWduJTNBdG9wJTdEJTBBLnRnJTIwLnRnLWJhcWglN0J0ZXh0LWFsaWduJTNBY2VudGVyJTNCdmVydGljYWwtYWxpZ24lM0F0b3AlN0QlMEEudGclMjAudGctbGU4diU3QmJhY2tncm91bmQtY29sb3IlM0ElMjNjMGMwYzAlM0J2ZXJ0aWNhbC1hbGlnbiUzQXRvcCU3RCUwQS50ZyUyMC50Zy15dzRsJTdCdmVydGljYWwtYWxpZ24lM0F0b3AlN0QlMEEudGclMjAudGctNnF3MSU3QmJhY2tncm91bmQtY29sb3IlM0ElMjNjMGMwYzAlM0J0ZXh0LWFsaWduJTNBY2VudGVyJTNCdmVydGljYWwtYWxpZ24lM0F0b3AlN0QlMEElNDBtZWRpYSUyMHNjcmVlbiUyMGFuZCUyMCUyOG1heC13aWR0aCUzQSUyMDc2N3B4JTI5JTIwJTdCLnRnJTIwJTdCd2lkdGglM0ElMjBhdXRvJTIwJTIxaW1wb3J0YW50JTNCJTdELnRnJTIwY29sJTIwJTdCd2lkdGglM0ElMjBhdXRvJTIwJTIxaW1wb3J0YW50JTNCJTdELnRnLXdyYXAlMjAlN0JvdmVyZmxvdy14JTNBJTIwYXV0byUzQi13ZWJraXQtb3ZlcmZsb3ctc2Nyb2xsaW5nJTNBJTIwdG91Y2glM0JtYXJnaW4lM0ElMjBhdXRvJTIwMHB4JTNCJTdEJTdEJTNDJTJGc3R5bGUlM0UlMEElM0NkaXYlMjBjbGFzcyUzRCUyMnRnLXdyYXAlMjIlM0UlM0N0YWJsZSUyMGNsYXNzJTNEJTIydGclMjIlM0UlMEElMjAlMjAlM0N0ciUzRSUwQSUyMCUyMCUyMCUyMCUzQ3RoJTIwY2xhc3MlM0QlMjJ0Zy1hd3k4JTIyJTNFVmFsZXVycyUyME51dHJpdGlvbm5lbGxlcyUzQ2JyJTNFJTNDJTJGdGglM0UlMEElMjAlMjAlMjAlMjAlM0N0aCUyMGNsYXNzJTNEJTIydGctYXd5OCUyMiUzRU1veWVubmUlMjBwb3VyJTIwMTAwZyUzQ2JyJTNFJTNDJTJGdGglM0UlMEElMjAlMjAlM0MlMkZ0ciUzRSUwQSUyMCUyMCUzQ3RyJTNFJTBBJTIwJTIwJTIwJTIwJTNDdGQlMjBjbGFzcyUzRCUyMnRnLWxlOHYlMjIlM0VFbmVyZ2llJTNDYnIlM0UlM0MlMkZ0ZCUzRSUwQSUyMCUyMCUyMCUyMCUzQ3RkJTIwY2xhc3MlM0QlMjJ0Zy1qYjRyJTIyJTNFNDY0JTNDYnIlM0UlM0MlMkZ0ZCUzRSUwQSUyMCUyMCUzQyUyRnRyJTNFJTBBJTIwJTIwJTNDdHIlM0UlMEElMjAlMjAlMjAlMjAlM0N0ZCUyMGNsYXNzJTNEJTIydGcteXc0bCUyMiUzRU1hdGklQzMlQThyZSUyMGdyYXNzZSUzQyUyRnRkJTNFJTBBJTIwJTIwJTIwJTIwJTNDdGQlMjBjbGFzcyUzRCUyMnRnLWJhcWglMjIlM0UzNS41JTNDYnIlM0UlM0MlMkZ0ZCUzRSUwQSUyMCUyMCUzQyUyRnRyJTNFJTBBJTIwJTIwJTNDdHIlM0UlMEElMjAlMjAlMjAlMjAlM0N0ZCUyMGNsYXNzJTNEJTIydGctbGU4diUyMiUzRVByb3RpZGVzJTNDJTJGdGQlM0UlMEElMjAlMjAlMjAlMjAlM0N0ZCUyMGNsYXNzJTNEJTIydGctNnF3MSUyMiUzRTQlM0MlMkZ0ZCUzRSUwQSUyMCUyMCUzQyUyRnRyJTNFJTBBJTIwJTIwJTNDdHIlM0UlMEElMjAlMjAlMjAlMjAlM0N0ZCUyMGNsYXNzJTNEJTIydGcteXc0bCUyMiUzRUZpYnJlJTNDJTJGdGQlM0UlMEElMjAlMjAlMjAlMjAlM0N0ZCUyMGNsYXNzJTNEJTIydGctYmFxaCUyMiUzRTQuNSUzQ2JyJTNFJTNDJTJGdGQlM0UlMEElMjAlMjAlM0MlMkZ0ciUzRSUwQSUzQyUyRnRhYmxlJTNFJTNDJTJGZGl2JTNF[\/vc_raw_html][\/vc_column][vc_column [&hellip;]<\/p>\n","protected":false},"author":1,"featured_media":0,"parent":0,"menu_order":0,"comment_status":"closed","ping_status":"closed","template":"","meta":{"footnotes":""},"aioseo_notices":[],"_links":{"self":[{"href":"http:\/\/racimo-dz.com\/index.php?rest_route=\/wp\/v2\/pages\/4069"}],"collection":[{"href":"http:\/\/racimo-dz.com\/index.php?rest_route=\/wp\/v2\/pages"}],"about":[{"href":"http:\/\/racimo-dz.com\/index.php?rest_route=\/wp\/v2\/types\/page"}],"author":[{"embeddable":true,"href":"http:\/\/racimo-dz.com\/index.php?rest_route=\/wp\/v2\/users\/1"}],"replies":[{"embeddable":true,"href":"http:\/\/racimo-dz.com\/index.php?rest_route=%2Fwp%2Fv2%2Fcomments&post=4069"}],"version-history":[{"count":3,"href":"http:\/\/racimo-dz.com\/index.php?rest_route=\/wp\/v2\/pages\/4069\/revisions"}],"predecessor-version":[{"id":4164,"href":"http:\/\/racimo-dz.com\/index.php?rest_route=\/wp\/v2\/pages\/4069\/revisions\/4164"}],"wp:attachment":[{"href":"http:\/\/racimo-dz.com\/index.php?rest_route=%2Fwp%2Fv2%2Fmedia&parent=4069"}],"curies":[{"name":"wp","href":"https:\/\/api.w.org\/{rel}","templated":true}]}}