{"id":4028,"date":"2017-06-13T17:25:52","date_gmt":"2017-06-13T17:25:52","guid":{"rendered":"http:\/\/carthage-tech.net\/test\/racimo\/?page_id=4028"},"modified":"2017-06-13T17:25:52","modified_gmt":"2017-06-13T17:25:52","slug":"beurre-2-3","status":"publish","type":"page","link":"http:\/\/racimo-dz.com\/?page_id=4028","title":{"rendered":"Beurre"},"content":{"rendered":"<p>[vc_row][vc_column width=\u00a0\u00bb1\/2&Prime;][vc_column_text]Recommand\u00e9 aux enfants et aux adolescents, a consommer cru, de pr\u00e9f\u00e9rence sur les tartines croustillantes.<br \/>\nDigeste, \u00e9nerg\u00e9tique et riche en vitamine A, le beurre <strong>TASTY<\/strong> est un produit frais, pasteuris\u00e9 et l\u00e9g\u00e8rement sal\u00e9.[\/vc_column_text][vc_raw_html]JTNDc3R5bGUlMjB0eXBlJTNEJTIydGV4dCUyRmNzcyUyMiUzRSUwQS50ZyUyMCUyMCU3QmJvcmRlci1jb2xsYXBzZSUzQWNvbGxhcHNlJTNCYm9yZGVyLXNwYWNpbmclM0EwJTNCbWFyZ2luJTNBMHB4JTIwYXV0byUzQiU3RCUwQS50ZyUyMHRkJTdCZm9udC1mYW1pbHklM0FBcmlhbCUyQyUyMHNhbnMtc2VyaWYlM0Jmb250LXNpemUlM0ExNHB4JTNCcGFkZGluZyUzQTEwcHglMjA1cHglM0Jib3JkZXItc3R5bGUlM0Fzb2xpZCUzQmJvcmRlci13aWR0aCUzQTFweCUzQm92ZXJmbG93JTNBaGlkZGVuJTNCd29yZC1icmVhayUzQW5vcm1hbCUzQiU3RCUwQS50ZyUyMHRoJTdCZm9udC1mYW1pbHklM0FBcmlhbCUyQyUyMHNhbnMtc2VyaWYlM0Jmb250LXNpemUlM0ExNHB4JTNCZm9udC13ZWlnaHQlM0Fub3JtYWwlM0JwYWRkaW5nJTNBMTBweCUyMDVweCUzQmJvcmRlci1zdHlsZSUzQXNvbGlkJTNCYm9yZGVyLXdpZHRoJTNBMXB4JTNCb3ZlcmZsb3clM0FoaWRkZW4lM0J3b3JkLWJyZWFrJTNBbm9ybWFsJTNCJTdEJTBBLnRnJTIwLnRnLWpiNHIlN0JiYWNrZ3JvdW5kLWNvbG9yJTNBJTIzYzBjMGMwJTNCY29sb3IlM0ElMjMzMzMzMzMlM0J0ZXh0LWFsaWduJTNBY2VudGVyJTNCdmVydGljYWwtYWxpZ24lM0F0b3AlN0QlMEEudGclMjAudGctYXd5OCU3QmJhY2tncm91bmQtY29sb3IlM0ElMjNiYTFkMjQlM0Jjb2xvciUzQSUyM2ZmZmZmZiUzQnZlcnRpY2FsLWFsaWduJTNBdG9wJTdEJTBBLnRnJTIwLnRnLWJhcWglN0J0ZXh0LWFsaWduJTNBY2VudGVyJTNCdmVydGljYWwtYWxpZ24lM0F0b3AlN0QlMEEudGclMjAudGctbGU4diU3QmJhY2tncm91bmQtY29sb3IlM0ElMjNjMGMwYzAlM0J2ZXJ0aWNhbC1hbGlnbiUzQXRvcCU3RCUwQS50ZyUyMC50Zy15dzRsJTdCdmVydGljYWwtYWxpZ24lM0F0b3AlN0QlMEEudGclMjAudGctNnF3MSU3QmJhY2tncm91bmQtY29sb3IlM0ElMjNjMGMwYzAlM0J0ZXh0LWFsaWduJTNBY2VudGVyJTNCdmVydGljYWwtYWxpZ24lM0F0b3AlN0QlMEElNDBtZWRpYSUyMHNjcmVlbiUyMGFuZCUyMCUyOG1heC13aWR0aCUzQSUyMDc2N3B4JTI5JTIwJTdCLnRnJTIwJTdCd2lkdGglM0ElMjBhdXRvJTIwJTIxaW1wb3J0YW50JTNCJTdELnRnJTIwY29sJTIwJTdCd2lkdGglM0ElMjBhdXRvJTIwJTIxaW1wb3J0YW50JTNCJTdELnRnLXdyYXAlMjAlN0JvdmVyZmxvdy14JTNBJTIwYXV0byUzQi13ZWJraXQtb3ZlcmZsb3ctc2Nyb2xsaW5nJTNBJTIwdG91Y2glM0JtYXJnaW4lM0ElMjBhdXRvJTIwMHB4JTNCJTdEJTdEJTNDJTJGc3R5bGUlM0UlMEElM0NkaXYlMjBjbGFzcyUzRCUyMnRnLXdyYXAlMjIlM0UlM0N0YWJsZSUyMGNsYXNzJTNEJTIydGclMjIlM0UlMEElMjAlMjAlM0N0ciUzRSUwQSUyMCUyMCUyMCUyMCUzQ3RoJTIwY2xhc3MlM0QlMjJ0Zy1hd3k4JTIyJTNFVmFsZXVycyUyME51dHJpdGlvbm5lbGxlcyUzQ2JyJTNFJTNDJTJGdGglM0UlMEElMjAlMjAlMjAlMjAlM0N0aCUyMGNsYXNzJTNEJTIydGctYXd5OCUyMiUzRU1veWVubmUlMjBwb3VyJTIwMTAwZyUzQ2JyJTNFJTNDJTJGdGglM0UlMEElMjAlMjAlM0MlMkZ0ciUzRSUwQSUyMCUyMCUzQ3RyJTNFJTBBJTIwJTIwJTIwJTIwJTNDdGQlMjBjbGFzcyUzRCUyMnRnLWxlOHYlMjIlM0VFbmVyZ2llJTNDYnIlM0UlM0MlMkZ0ZCUzRSUwQSUyMCUyMCUyMCUyMCUzQ3RkJTIwY2xhc3MlM0QlMjJ0Zy1qYjRyJTIyJTNFNzIwJTNDYnIlM0UlM0MlMkZ0ZCUzRSUwQSUyMCUyMCUzQyUyRnRyJTNFJTBBJTIwJTIwJTNDdHIlM0UlMEElMjAlMjAlMjAlMjAlM0N0ZCUyMGNsYXNzJTNEJTIydGcteXc0bCUyMiUzRUdsdWNpZGVzJTNDJTJGdGQlM0UlMEElMjAlMjAlMjAlMjAlM0N0ZCUyMGNsYXNzJTNEJTIydGctYmFxaCUyMiUzRTAuNSUzQ2JyJTNFJTNDJTJGdGQlM0UlMEElMjAlMjAlM0MlMkZ0ciUzRSUwQSUyMCUyMCUzQ3RyJTNFJTBBJTIwJTIwJTIwJTIwJTNDdGQlMjBjbGFzcyUzRCUyMnRnLWxlOHYlMjIlM0VQcm90ZWluZXMlM0MlMkZ0ZCUzRSUwQSUyMCUyMCUyMCUyMCUzQ3RkJTIwY2xhc3MlM0QlMjJ0Zy02cXcxJTIyJTNFMC43JTNDJTJGdGQlM0UlMEElMjAlMjAlM0MlMkZ0ciUzRSUwQSUyMCUyMCUzQ3RyJTNFJTBBJTIwJTIwJTIwJTIwJTNDdGQlMjBjbGFzcyUzRCUyMnRnLXl3NGwlMjIlM0VMaXBpZGVzJTNDJTJGdGQlM0UlMEElMjAlMjAlMjAlMjAlM0N0ZCUyMGNsYXNzJTNEJTIydGctYmFxaCUyMiUzRTgwJTNDYnIlM0UlM0MlMkZ0ZCUzRSUwQSUyMCUyMCUzQyUyRnRyJTNFJTBBJTNDJTJGdGFibGUlM0UlM0MlMkZkaXYlM0U=[\/vc_raw_html][\/vc_column][vc_column width=\u00a0\u00bb1\/2&Prime;][vc_images_carousel images=\u00a0\u00bb4030,3995&Prime; img_size=\u00a0\u00bb540&#215;280&Prime; onclick=\u00a0\u00bblink_no\u00a0\u00bb autoplay=\u00a0\u00bbyes\u00a0\u00bb hide_pagination_control=\u00a0\u00bbyes\u00a0\u00bb hide_prev_next_buttons=\u00a0\u00bbyes\u00a0\u00bb wrap=\u00a0\u00bbyes\u00a0\u00bb][\/vc_column][\/vc_row]<\/p>\n","protected":false},"excerpt":{"rendered":"<p>[vc_row][vc_column width=\u00a0\u00bb1\/2&Prime;][vc_column_text]Recommand\u00e9 aux enfants et aux adolescents, a consommer cru, de pr\u00e9f\u00e9rence sur les tartines croustillantes. Digeste, \u00e9nerg\u00e9tique et riche en vitamine A, le beurre TASTY est un produit frais, pasteuris\u00e9 et l\u00e9g\u00e8rement sal\u00e9.[\/vc_column_text][vc_raw_html]JTNDc3R5bGUlMjB0eXBlJTNEJTIydGV4dCUyRmNzcyUyMiUzRSUwQS50ZyUyMCUyMCU3QmJvcmRlci1jb2xsYXBzZSUzQWNvbGxhcHNlJTNCYm9yZGVyLXNwYWNpbmclM0EwJTNCbWFyZ2luJTNBMHB4JTIwYXV0byUzQiU3RCUwQS50ZyUyMHRkJTdCZm9udC1mYW1pbHklM0FBcmlhbCUyQyUyMHNhbnMtc2VyaWYlM0Jmb250LXNpemUlM0ExNHB4JTNCcGFkZGluZyUzQTEwcHglMjA1cHglM0Jib3JkZXItc3R5bGUlM0Fzb2xpZCUzQmJvcmRlci13aWR0aCUzQTFweCUzQm92ZXJmbG93JTNBaGlkZGVuJTNCd29yZC1icmVhayUzQW5vcm1hbCUzQiU3RCUwQS50ZyUyMHRoJTdCZm9udC1mYW1pbHklM0FBcmlhbCUyQyUyMHNhbnMtc2VyaWYlM0Jmb250LXNpemUlM0ExNHB4JTNCZm9udC13ZWlnaHQlM0Fub3JtYWwlM0JwYWRkaW5nJTNBMTBweCUyMDVweCUzQmJvcmRlci1zdHlsZSUzQXNvbGlkJTNCYm9yZGVyLXdpZHRoJTNBMXB4JTNCb3ZlcmZsb3clM0FoaWRkZW4lM0J3b3JkLWJyZWFrJTNBbm9ybWFsJTNCJTdEJTBBLnRnJTIwLnRnLWpiNHIlN0JiYWNrZ3JvdW5kLWNvbG9yJTNBJTIzYzBjMGMwJTNCY29sb3IlM0ElMjMzMzMzMzMlM0J0ZXh0LWFsaWduJTNBY2VudGVyJTNCdmVydGljYWwtYWxpZ24lM0F0b3AlN0QlMEEudGclMjAudGctYXd5OCU3QmJhY2tncm91bmQtY29sb3IlM0ElMjNiYTFkMjQlM0Jjb2xvciUzQSUyM2ZmZmZmZiUzQnZlcnRpY2FsLWFsaWduJTNBdG9wJTdEJTBBLnRnJTIwLnRnLWJhcWglN0J0ZXh0LWFsaWduJTNBY2VudGVyJTNCdmVydGljYWwtYWxpZ24lM0F0b3AlN0QlMEEudGclMjAudGctbGU4diU3QmJhY2tncm91bmQtY29sb3IlM0ElMjNjMGMwYzAlM0J2ZXJ0aWNhbC1hbGlnbiUzQXRvcCU3RCUwQS50ZyUyMC50Zy15dzRsJTdCdmVydGljYWwtYWxpZ24lM0F0b3AlN0QlMEEudGclMjAudGctNnF3MSU3QmJhY2tncm91bmQtY29sb3IlM0ElMjNjMGMwYzAlM0J0ZXh0LWFsaWduJTNBY2VudGVyJTNCdmVydGljYWwtYWxpZ24lM0F0b3AlN0QlMEElNDBtZWRpYSUyMHNjcmVlbiUyMGFuZCUyMCUyOG1heC13aWR0aCUzQSUyMDc2N3B4JTI5JTIwJTdCLnRnJTIwJTdCd2lkdGglM0ElMjBhdXRvJTIwJTIxaW1wb3J0YW50JTNCJTdELnRnJTIwY29sJTIwJTdCd2lkdGglM0ElMjBhdXRvJTIwJTIxaW1wb3J0YW50JTNCJTdELnRnLXdyYXAlMjAlN0JvdmVyZmxvdy14JTNBJTIwYXV0byUzQi13ZWJraXQtb3ZlcmZsb3ctc2Nyb2xsaW5nJTNBJTIwdG91Y2glM0JtYXJnaW4lM0ElMjBhdXRvJTIwMHB4JTNCJTdEJTdEJTNDJTJGc3R5bGUlM0UlMEElM0NkaXYlMjBjbGFzcyUzRCUyMnRnLXdyYXAlMjIlM0UlM0N0YWJsZSUyMGNsYXNzJTNEJTIydGclMjIlM0UlMEElMjAlMjAlM0N0ciUzRSUwQSUyMCUyMCUyMCUyMCUzQ3RoJTIwY2xhc3MlM0QlMjJ0Zy1hd3k4JTIyJTNFVmFsZXVycyUyME51dHJpdGlvbm5lbGxlcyUzQ2JyJTNFJTNDJTJGdGglM0UlMEElMjAlMjAlMjAlMjAlM0N0aCUyMGNsYXNzJTNEJTIydGctYXd5OCUyMiUzRU1veWVubmUlMjBwb3VyJTIwMTAwZyUzQ2JyJTNFJTNDJTJGdGglM0UlMEElMjAlMjAlM0MlMkZ0ciUzRSUwQSUyMCUyMCUzQ3RyJTNFJTBBJTIwJTIwJTIwJTIwJTNDdGQlMjBjbGFzcyUzRCUyMnRnLWxlOHYlMjIlM0VFbmVyZ2llJTNDYnIlM0UlM0MlMkZ0ZCUzRSUwQSUyMCUyMCUyMCUyMCUzQ3RkJTIwY2xhc3MlM0QlMjJ0Zy1qYjRyJTIyJTNFNzIwJTNDYnIlM0UlM0MlMkZ0ZCUzRSUwQSUyMCUyMCUzQyUyRnRyJTNFJTBBJTIwJTIwJTNDdHIlM0UlMEElMjAlMjAlMjAlMjAlM0N0ZCUyMGNsYXNzJTNEJTIydGcteXc0bCUyMiUzRUdsdWNpZGVzJTNDJTJGdGQlM0UlMEElMjAlMjAlMjAlMjAlM0N0ZCUyMGNsYXNzJTNEJTIydGctYmFxaCUyMiUzRTAuNSUzQ2JyJTNFJTNDJTJGdGQlM0UlMEElMjAlMjAlM0MlMkZ0ciUzRSUwQSUyMCUyMCUzQ3RyJTNFJTBBJTIwJTIwJTIwJTIwJTNDdGQlMjBjbGFzcyUzRCUyMnRnLWxlOHYlMjIlM0VQcm90ZWluZXMlM0MlMkZ0ZCUzRSUwQSUyMCUyMCUyMCUyMCUzQ3RkJTIwY2xhc3MlM0QlMjJ0Zy02cXcxJTIyJTNFMC43JTNDJTJGdGQlM0UlMEElMjAlMjAlM0MlMkZ0ciUzRSUwQSUyMCUyMCUzQ3RyJTNFJTBBJTIwJTIwJTIwJTIwJTNDdGQlMjBjbGFzcyUzRCUyMnRnLXl3NGwlMjIlM0VMaXBpZGVzJTNDJTJGdGQlM0UlMEElMjAlMjAlMjAlMjAlM0N0ZCUyMGNsYXNzJTNEJTIydGctYmFxaCUyMiUzRTgwJTNDYnIlM0UlM0MlMkZ0ZCUzRSUwQSUyMCUyMCUzQyUyRnRyJTNFJTBBJTNDJTJGdGFibGUlM0UlM0MlMkZkaXYlM0U=[\/vc_raw_html][\/vc_column][vc_column width=\u00a0\u00bb1\/2&Prime;][vc_images_carousel images=\u00a0\u00bb4030,3995&Prime; img_size=\u00a0\u00bb540&#215;280&Prime; onclick=\u00a0\u00bblink_no\u00a0\u00bb autoplay=\u00a0\u00bbyes\u00a0\u00bb hide_pagination_control=\u00a0\u00bbyes\u00a0\u00bb hide_prev_next_buttons=\u00a0\u00bbyes\u00a0\u00bb wrap=\u00a0\u00bbyes\u00a0\u00bb][\/vc_column][\/vc_row]<\/p>\n","protected":false},"author":1,"featured_media":0,"parent":0,"menu_order":0,"comment_status":"closed","ping_status":"closed","template":"","meta":{"footnotes":""},"aioseo_notices":[],"_links":{"self":[{"href":"http:\/\/racimo-dz.com\/index.php?rest_route=\/wp\/v2\/pages\/4028"}],"collection":[{"href":"http:\/\/racimo-dz.com\/index.php?rest_route=\/wp\/v2\/pages"}],"about":[{"href":"http:\/\/racimo-dz.com\/index.php?rest_route=\/wp\/v2\/types\/page"}],"author":[{"embeddable":true,"href":"http:\/\/racimo-dz.com\/index.php?rest_route=\/wp\/v2\/users\/1"}],"replies":[{"embeddable":true,"href":"http:\/\/racimo-dz.com\/index.php?rest_route=%2Fwp%2Fv2%2Fcomments&post=4028"}],"version-history":[{"count":0,"href":"http:\/\/racimo-dz.com\/index.php?rest_route=\/wp\/v2\/pages\/4028\/revisions"}],"wp:attachment":[{"href":"http:\/\/racimo-dz.com\/index.php?rest_route=%2Fwp%2Fv2%2Fmedia&parent=4028"}],"curies":[{"name":"wp","href":"https:\/\/api.w.org\/{rel}","templated":true}]}}